{"id":1094,"date":"2025-07-24T06:47:10","date_gmt":"2025-07-24T06:47:10","guid":{"rendered":"https:\/\/escuelacoachingtranspersonal.com\/web\/?page_id=1094"},"modified":"2025-07-24T06:49:45","modified_gmt":"2025-07-24T06:49:45","slug":"aviso-legal","status":"publish","type":"page","link":"https:\/\/escuelacoachingtranspersonal.com\/web\/aviso-legal\/","title":{"rendered":"Aviso legal"},"content":{"rendered":"\t\t<div data-elementor-type=\"wp-page\" data-elementor-id=\"1094\" class=\"elementor elementor-1094\" data-elementor-post-type=\"page\">\n\t\t\t\t<div class=\"elementor-element elementor-element-b4d4bfd e-con-full e-flex wpr-particle-no wpr-jarallax-no wpr-parallax-no wpr-sticky-section-no e-con e-parent\" data-id=\"b4d4bfd\" data-element_type=\"container\">\n\t\t\t\t<div class=\"elementor-element elementor-element-1a5b0a1 elementor-widget elementor-widget-heading\" data-id=\"1a5b0a1\" data-element_type=\"widget\" data-widget_type=\"heading.default\">\n\t\t\t\t<div class=\"elementor-widget-container\">\n\t\t\t\t\t<h2 class=\"elementor-heading-title elementor-size-default\">Aviso legal<\/h2>\t\t\t\t<\/div>\n\t\t\t\t<\/div>\n\t\t\t\t<div class=\"elementor-element elementor-element-284d9ad elementor-widget elementor-widget-text-editor\" data-id=\"284d9ad\" data-element_type=\"widget\" data-widget_type=\"text-editor.default\">\n\t\t\t\t<div class=\"elementor-widget-container\">\n\t\t\t\t\t\t\t\t\t<p data-start=\"243\" data-end=\"827\">En cumplimiento con el deber de informaci\u00f3n establecido en el art\u00edculo 10 de la Ley 34\/2002, de 11 de julio, de Servicios de la Sociedad de la Informaci\u00f3n y de Comercio Electr\u00f3nico (LSSICE), se informa a los usuarios de que el presente sitio web <a class=\"\" href=\"https:\/\/escuelacoachingtranspersonal.com\" target=\"_new\" rel=\"noopener\" data-start=\"489\" data-end=\"573\">https:\/\/escuelacoachingtranspersonal.com<\/a> (en adelante, \u00abel Sitio Web\u00bb) es propiedad de <strong data-start=\"620\" data-end=\"650\">Mar\u00eda Isabel Bueno Camacho<\/strong>, con NIF <strong data-start=\"660\" data-end=\"673\">44205002Z<\/strong>, domicilio fiscal en <strong data-start=\"695\" data-end=\"737\">C\/ Pes del Formatge, Palma de Mallorca<\/strong>, pa\u00eds de actividad: <strong data-start=\"758\" data-end=\"768\">Espa\u00f1a<\/strong>, y correo electr\u00f3nico de contacto: <strong data-start=\"804\" data-end=\"826\"><a class=\"cursor-pointer\" rel=\"noopener\" data-start=\"806\" data-end=\"824\">buenoisa@gmail.com<\/a><\/strong>.<\/p><hr data-start=\"829\" data-end=\"832\" \/><h2 data-start=\"834\" data-end=\"868\">1. Condiciones generales de uso<\/h2><p data-start=\"870\" data-end=\"1250\">El acceso y uso del Sitio Web atribuye la condici\u00f3n de usuario e implica la aceptaci\u00f3n plena y sin reservas de todas las disposiciones incluidas en este Aviso Legal en el momento de acceso. Mar\u00eda Isabel Bueno Camacho se reserva el derecho de modificar, en cualquier momento y sin previo aviso, el contenido del presente Aviso Legal, por lo que se recomienda su revisi\u00f3n peri\u00f3dica.<\/p><hr data-start=\"1252\" data-end=\"1255\" \/><h2 data-start=\"1257\" data-end=\"1269\">2. Objeto<\/h2><p data-start=\"1271\" data-end=\"1754\">A trav\u00e9s del Sitio Web, Mar\u00eda Isabel Bueno Camacho facilita a los usuarios el acceso a informaci\u00f3n relacionada con su actividad de formaci\u00f3n en coaching transpersonal, incluyendo descripci\u00f3n de los cursos, venta de libros, recursos, art\u00edculos, datos de contacto y otros contenidos relacionados. El usuario se compromete a hacer un uso adecuado de los contenidos y servicios ofrecidos, absteni\u00e9ndose de utilizarlos para actividades il\u00edcitas o contrarias a la moral y al orden p\u00fablico.<\/p><hr data-start=\"1756\" data-end=\"1759\" \/><h2 data-start=\"1761\" data-end=\"1801\">3. Propiedad intelectual e industrial<\/h2><p data-start=\"1803\" data-end=\"2146\">Todos los contenidos del Sitio Web (textos, im\u00e1genes, logotipos, dise\u00f1o, estructura, software, etc.) son propiedad exclusiva de Mar\u00eda Isabel Bueno Camacho o, en su caso, de terceros que han autorizado su uso. Queda expresamente prohibida su reproducci\u00f3n, distribuci\u00f3n, comunicaci\u00f3n p\u00fablica o modificaci\u00f3n sin autorizaci\u00f3n previa y por escrito.<\/p><hr data-start=\"2148\" data-end=\"2151\" \/><h2 data-start=\"2153\" data-end=\"2186\">4. Exenci\u00f3n de responsabilidad<\/h2><p data-start=\"2188\" data-end=\"2569\">Mar\u00eda Isabel Bueno Camacho no se responsabiliza del mal uso del Sitio Web por parte de los usuarios, ni de posibles da\u00f1os derivados de la presencia de virus u otros elementos que puedan producir alteraciones en los sistemas inform\u00e1ticos. Tampoco se garantiza la disponibilidad continua del Sitio Web, pudiendo producirse interrupciones sin que ello implique responsabilidad alguna.<\/p><hr data-start=\"2571\" data-end=\"2574\" \/><h2 data-start=\"2576\" data-end=\"2601\">5. Protecci\u00f3n de datos<\/h2><p data-start=\"2603\" data-end=\"2849\">Mar\u00eda Isabel Bueno Camacho cumple con el Reglamento (UE) 2016\/679 (RGPD) y la Ley Org\u00e1nica 3\/2018 (LOPDGDD) en materia de protecci\u00f3n de datos personales. Para m\u00e1s informaci\u00f3n sobre el tratamiento de datos, consulte nuestra Pol\u00edtica de Privacidad.<\/p><hr data-start=\"2851\" data-end=\"2854\" \/><h2 data-start=\"2856\" data-end=\"2880\">6. Enlaces a terceros<\/h2><p data-start=\"2882\" data-end=\"3059\">El Sitio Web puede contener enlaces a sitios web de terceros. Mar\u00eda Isabel Bueno Camacho no se hace responsable del contenido ni de las pol\u00edticas de privacidad de dichos sitios.<\/p><hr data-start=\"3061\" data-end=\"3064\" \/><h2 data-start=\"3066\" data-end=\"3108\">7. Legislaci\u00f3n aplicable y jurisdicci\u00f3n<\/h2><p data-start=\"3110\" data-end=\"3331\">El presente Aviso Legal se rige por la legislaci\u00f3n espa\u00f1ola. En caso de conflicto, las partes se someter\u00e1n a los juzgados y tribunales que correspondan seg\u00fan el domicilio del usuario, salvo disposici\u00f3n legal en contrario.<\/p>\t\t\t\t\t\t\t\t<\/div>\n\t\t\t\t<\/div>\n\t\t\t\t<\/div>\n\t\t\t\t<\/div>\n\t\t","protected":false},"excerpt":{"rendered":"<p>Aviso legal En cumplimiento con el deber de informaci\u00f3n establecido en el art\u00edculo 10 de la Ley 34\/2002, de 11 de julio, de Servicios de la Sociedad de la Informaci\u00f3n y de Comercio Electr\u00f3nico (LSSICE), se informa a los usuarios de que el presente sitio web https:\/\/escuelacoachingtranspersonal.com (en adelante, \u00abel Sitio Web\u00bb) es propiedad de Mar\u00eda Isabel Bueno Camacho, con NIF 44205002Z, domicilio fiscal en C\/ Pes del Formatge, Palma de Mallorca, pa\u00eds de actividad: Espa\u00f1a, y correo electr\u00f3nico de contacto: buenoisa@gmail.com. 1. Condiciones generales de uso El acceso y uso del Sitio Web atribuye la condici\u00f3n de usuario e implica la aceptaci\u00f3n plena y sin reservas de todas las disposiciones incluidas en este Aviso Legal en el momento de acceso. Mar\u00eda Isabel Bueno Camacho se reserva el derecho de modificar, en cualquier momento y sin previo aviso, el contenido del presente Aviso Legal, por lo que se recomienda su revisi\u00f3n peri\u00f3dica. 2. Objeto A trav\u00e9s del Sitio Web, Mar\u00eda Isabel Bueno Camacho facilita a los usuarios el acceso a informaci\u00f3n relacionada con su actividad de formaci\u00f3n en coaching transpersonal, incluyendo descripci\u00f3n de los cursos, venta de libros, recursos, art\u00edculos, datos de contacto y otros contenidos relacionados. El usuario se compromete a hacer un uso adecuado de los contenidos y servicios ofrecidos, absteni\u00e9ndose de utilizarlos para actividades il\u00edcitas o contrarias a la moral y al orden p\u00fablico. 3. Propiedad intelectual e industrial Todos los contenidos del Sitio Web (textos, im\u00e1genes, logotipos, dise\u00f1o, estructura, software, etc.) son propiedad exclusiva de Mar\u00eda Isabel Bueno Camacho o, en su caso, de terceros que han autorizado su uso. Queda expresamente prohibida su reproducci\u00f3n, distribuci\u00f3n, comunicaci\u00f3n p\u00fablica o modificaci\u00f3n sin autorizaci\u00f3n previa y por escrito. 4. Exenci\u00f3n de responsabilidad Mar\u00eda Isabel Bueno Camacho no se responsabiliza del mal uso del Sitio Web por parte de los usuarios, ni de posibles da\u00f1os derivados de la presencia de virus u otros elementos que puedan producir alteraciones en los sistemas inform\u00e1ticos. Tampoco se garantiza la disponibilidad continua del Sitio Web, pudiendo producirse interrupciones sin que ello implique responsabilidad alguna. 5. Protecci\u00f3n de datos Mar\u00eda Isabel Bueno Camacho cumple con el Reglamento (UE) 2016\/679 (RGPD) y la Ley Org\u00e1nica 3\/2018 (LOPDGDD) en materia de protecci\u00f3n de datos personales. Para m\u00e1s informaci\u00f3n sobre el tratamiento de datos, consulte nuestra Pol\u00edtica de Privacidad. 6. Enlaces a terceros El Sitio Web puede contener enlaces a sitios web de terceros. Mar\u00eda Isabel Bueno Camacho no se hace responsable del contenido ni de las pol\u00edticas de privacidad de dichos sitios. 7. Legislaci\u00f3n aplicable y jurisdicci\u00f3n El presente Aviso Legal se rige por la legislaci\u00f3n espa\u00f1ola. En caso de conflicto, las partes se someter\u00e1n a los juzgados y tribunales que correspondan seg\u00fan el domicilio del usuario, salvo disposici\u00f3n legal en contrario.<\/p>\n","protected":false},"author":1,"featured_media":0,"parent":0,"menu_order":0,"comment_status":"closed","ping_status":"closed","template":"","meta":{"footnotes":""},"class_list":["post-1094","page","type-page","status-publish","hentry"],"yoast_head":"<!-- This site is optimized with the Yoast SEO plugin v26.7 - https:\/\/yoast.com\/wordpress\/plugins\/seo\/ -->\n<title>Aviso legal - Escuela Coaching Transpersonal<\/title>\n<meta name=\"robots\" content=\"index, follow, max-snippet:-1, max-image-preview:large, max-video-preview:-1\" \/>\n<link rel=\"canonical\" href=\"https:\/\/escuelacoachingtranspersonal.com\/web\/aviso-legal\/\" \/>\n<meta property=\"og:locale\" content=\"es_ES\" \/>\n<meta property=\"og:type\" content=\"article\" \/>\n<meta property=\"og:title\" content=\"Aviso legal - Escuela Coaching Transpersonal\" \/>\n<meta property=\"og:description\" content=\"Aviso legal En cumplimiento con el deber de informaci\u00f3n establecido en el art\u00edculo 10 de la Ley 34\/2002, de 11 de julio, de Servicios de la Sociedad de la Informaci\u00f3n y de Comercio Electr\u00f3nico (LSSICE), se informa a los usuarios de que el presente sitio web https:\/\/escuelacoachingtranspersonal.com (en adelante, \u00abel Sitio Web\u00bb) es propiedad de Mar\u00eda Isabel Bueno Camacho, con NIF 44205002Z, domicilio fiscal en C\/ Pes del Formatge, Palma de Mallorca, pa\u00eds de actividad: Espa\u00f1a, y correo electr\u00f3nico de contacto: buenoisa@gmail.com. 1. Condiciones generales de uso El acceso y uso del Sitio Web atribuye la condici\u00f3n de usuario e implica la aceptaci\u00f3n plena y sin reservas de todas las disposiciones incluidas en este Aviso Legal en el momento de acceso. Mar\u00eda Isabel Bueno Camacho se reserva el derecho de modificar, en cualquier momento y sin previo aviso, el contenido del presente Aviso Legal, por lo que se recomienda su revisi\u00f3n peri\u00f3dica. 2. Objeto A trav\u00e9s del Sitio Web, Mar\u00eda Isabel Bueno Camacho facilita a los usuarios el acceso a informaci\u00f3n relacionada con su actividad de formaci\u00f3n en coaching transpersonal, incluyendo descripci\u00f3n de los cursos, venta de libros, recursos, art\u00edculos, datos de contacto y otros contenidos relacionados. El usuario se compromete a hacer un uso adecuado de los contenidos y servicios ofrecidos, absteni\u00e9ndose de utilizarlos para actividades il\u00edcitas o contrarias a la moral y al orden p\u00fablico. 3. Propiedad intelectual e industrial Todos los contenidos del Sitio Web (textos, im\u00e1genes, logotipos, dise\u00f1o, estructura, software, etc.) son propiedad exclusiva de Mar\u00eda Isabel Bueno Camacho o, en su caso, de terceros que han autorizado su uso. Queda expresamente prohibida su reproducci\u00f3n, distribuci\u00f3n, comunicaci\u00f3n p\u00fablica o modificaci\u00f3n sin autorizaci\u00f3n previa y por escrito. 4. Exenci\u00f3n de responsabilidad Mar\u00eda Isabel Bueno Camacho no se responsabiliza del mal uso del Sitio Web por parte de los usuarios, ni de posibles da\u00f1os derivados de la presencia de virus u otros elementos que puedan producir alteraciones en los sistemas inform\u00e1ticos. Tampoco se garantiza la disponibilidad continua del Sitio Web, pudiendo producirse interrupciones sin que ello implique responsabilidad alguna. 5. Protecci\u00f3n de datos Mar\u00eda Isabel Bueno Camacho cumple con el Reglamento (UE) 2016\/679 (RGPD) y la Ley Org\u00e1nica 3\/2018 (LOPDGDD) en materia de protecci\u00f3n de datos personales. Para m\u00e1s informaci\u00f3n sobre el tratamiento de datos, consulte nuestra Pol\u00edtica de Privacidad. 6. Enlaces a terceros El Sitio Web puede contener enlaces a sitios web de terceros. Mar\u00eda Isabel Bueno Camacho no se hace responsable del contenido ni de las pol\u00edticas de privacidad de dichos sitios. 7. Legislaci\u00f3n aplicable y jurisdicci\u00f3n El presente Aviso Legal se rige por la legislaci\u00f3n espa\u00f1ola. En caso de conflicto, las partes se someter\u00e1n a los juzgados y tribunales que correspondan seg\u00fan el domicilio del usuario, salvo disposici\u00f3n legal en contrario.\" \/>\n<meta property=\"og:url\" content=\"https:\/\/escuelacoachingtranspersonal.com\/web\/aviso-legal\/\" \/>\n<meta property=\"og:site_name\" content=\"Escuela Coaching Transpersonal\" \/>\n<meta property=\"article:publisher\" content=\"https:\/\/www.facebook.com\/escuelacoachingtranspersonal\" \/>\n<meta property=\"article:modified_time\" content=\"2025-07-24T06:49:45+00:00\" \/>\n<meta name=\"twitter:card\" content=\"summary_large_image\" \/>\n<meta name=\"twitter:label1\" content=\"Tiempo de lectura\" \/>\n\t<meta name=\"twitter:data1\" content=\"2 minutos\" \/>\n<script type=\"application\/ld+json\" class=\"yoast-schema-graph\">{\"@context\":\"https:\/\/schema.org\",\"@graph\":[{\"@type\":\"WebPage\",\"@id\":\"https:\/\/escuelacoachingtranspersonal.com\/web\/aviso-legal\/\",\"url\":\"https:\/\/escuelacoachingtranspersonal.com\/web\/aviso-legal\/\",\"name\":\"Aviso legal - Escuela Coaching Transpersonal\",\"isPartOf\":{\"@id\":\"https:\/\/escuelacoachingtranspersonal.com\/web\/#website\"},\"datePublished\":\"2025-07-24T06:47:10+00:00\",\"dateModified\":\"2025-07-24T06:49:45+00:00\",\"breadcrumb\":{\"@id\":\"https:\/\/escuelacoachingtranspersonal.com\/web\/aviso-legal\/#breadcrumb\"},\"inLanguage\":\"es\",\"potentialAction\":[{\"@type\":\"ReadAction\",\"target\":[\"https:\/\/escuelacoachingtranspersonal.com\/web\/aviso-legal\/\"]}]},{\"@type\":\"BreadcrumbList\",\"@id\":\"https:\/\/escuelacoachingtranspersonal.com\/web\/aviso-legal\/#breadcrumb\",\"itemListElement\":[{\"@type\":\"ListItem\",\"position\":1,\"name\":\"Portada\",\"item\":\"https:\/\/escuelacoachingtranspersonal.com\/web\/\"},{\"@type\":\"ListItem\",\"position\":2,\"name\":\"Aviso legal\"}]},{\"@type\":\"WebSite\",\"@id\":\"https:\/\/escuelacoachingtranspersonal.com\/web\/#website\",\"url\":\"https:\/\/escuelacoachingtranspersonal.com\/web\/\",\"name\":\"Escuela Coaching Transpersonal\",\"description\":\"\",\"publisher\":{\"@id\":\"https:\/\/escuelacoachingtranspersonal.com\/web\/#organization\"},\"potentialAction\":[{\"@type\":\"SearchAction\",\"target\":{\"@type\":\"EntryPoint\",\"urlTemplate\":\"https:\/\/escuelacoachingtranspersonal.com\/web\/?s={search_term_string}\"},\"query-input\":{\"@type\":\"PropertyValueSpecification\",\"valueRequired\":true,\"valueName\":\"search_term_string\"}}],\"inLanguage\":\"es\"},{\"@type\":\"Organization\",\"@id\":\"https:\/\/escuelacoachingtranspersonal.com\/web\/#organization\",\"name\":\"Escuela Coaching Transpersonal - Proyecto Ser\",\"url\":\"https:\/\/escuelacoachingtranspersonal.com\/web\/\",\"logo\":{\"@type\":\"ImageObject\",\"inLanguage\":\"es\",\"@id\":\"https:\/\/escuelacoachingtranspersonal.com\/web\/#\/schema\/logo\/image\/\",\"url\":\"https:\/\/escuelacoachingtranspersonal.com\/web\/wp-content\/uploads\/2025\/04\/logo.png\",\"contentUrl\":\"https:\/\/escuelacoachingtranspersonal.com\/web\/wp-content\/uploads\/2025\/04\/logo.png\",\"width\":288,\"height\":288,\"caption\":\"Escuela Coaching Transpersonal - Proyecto Ser\"},\"image\":{\"@id\":\"https:\/\/escuelacoachingtranspersonal.com\/web\/#\/schema\/logo\/image\/\"},\"sameAs\":[\"https:\/\/www.facebook.com\/escuelacoachingtranspersonal\",\"https:\/\/www.instagram.com\/escueladecoachingtranspersonal\/\",\"https:\/\/www.youtube.com\/channel\/UCKIigSxQQ15aXLoXyDYoKmg\"]}]}<\/script>\n<!-- \/ Yoast SEO plugin. -->","yoast_head_json":{"title":"Aviso legal - Escuela Coaching Transpersonal","robots":{"index":"index","follow":"follow","max-snippet":"max-snippet:-1","max-image-preview":"max-image-preview:large","max-video-preview":"max-video-preview:-1"},"canonical":"https:\/\/escuelacoachingtranspersonal.com\/web\/aviso-legal\/","og_locale":"es_ES","og_type":"article","og_title":"Aviso legal - Escuela Coaching Transpersonal","og_description":"Aviso legal En cumplimiento con el deber de informaci\u00f3n establecido en el art\u00edculo 10 de la Ley 34\/2002, de 11 de julio, de Servicios de la Sociedad de la Informaci\u00f3n y de Comercio Electr\u00f3nico (LSSICE), se informa a los usuarios de que el presente sitio web https:\/\/escuelacoachingtranspersonal.com (en adelante, \u00abel Sitio Web\u00bb) es propiedad de Mar\u00eda Isabel Bueno Camacho, con NIF 44205002Z, domicilio fiscal en C\/ Pes del Formatge, Palma de Mallorca, pa\u00eds de actividad: Espa\u00f1a, y correo electr\u00f3nico de contacto: buenoisa@gmail.com. 1. Condiciones generales de uso El acceso y uso del Sitio Web atribuye la condici\u00f3n de usuario e implica la aceptaci\u00f3n plena y sin reservas de todas las disposiciones incluidas en este Aviso Legal en el momento de acceso. Mar\u00eda Isabel Bueno Camacho se reserva el derecho de modificar, en cualquier momento y sin previo aviso, el contenido del presente Aviso Legal, por lo que se recomienda su revisi\u00f3n peri\u00f3dica. 2. Objeto A trav\u00e9s del Sitio Web, Mar\u00eda Isabel Bueno Camacho facilita a los usuarios el acceso a informaci\u00f3n relacionada con su actividad de formaci\u00f3n en coaching transpersonal, incluyendo descripci\u00f3n de los cursos, venta de libros, recursos, art\u00edculos, datos de contacto y otros contenidos relacionados. El usuario se compromete a hacer un uso adecuado de los contenidos y servicios ofrecidos, absteni\u00e9ndose de utilizarlos para actividades il\u00edcitas o contrarias a la moral y al orden p\u00fablico. 3. Propiedad intelectual e industrial Todos los contenidos del Sitio Web (textos, im\u00e1genes, logotipos, dise\u00f1o, estructura, software, etc.) son propiedad exclusiva de Mar\u00eda Isabel Bueno Camacho o, en su caso, de terceros que han autorizado su uso. Queda expresamente prohibida su reproducci\u00f3n, distribuci\u00f3n, comunicaci\u00f3n p\u00fablica o modificaci\u00f3n sin autorizaci\u00f3n previa y por escrito. 4. Exenci\u00f3n de responsabilidad Mar\u00eda Isabel Bueno Camacho no se responsabiliza del mal uso del Sitio Web por parte de los usuarios, ni de posibles da\u00f1os derivados de la presencia de virus u otros elementos que puedan producir alteraciones en los sistemas inform\u00e1ticos. Tampoco se garantiza la disponibilidad continua del Sitio Web, pudiendo producirse interrupciones sin que ello implique responsabilidad alguna. 5. Protecci\u00f3n de datos Mar\u00eda Isabel Bueno Camacho cumple con el Reglamento (UE) 2016\/679 (RGPD) y la Ley Org\u00e1nica 3\/2018 (LOPDGDD) en materia de protecci\u00f3n de datos personales. Para m\u00e1s informaci\u00f3n sobre el tratamiento de datos, consulte nuestra Pol\u00edtica de Privacidad. 6. Enlaces a terceros El Sitio Web puede contener enlaces a sitios web de terceros. Mar\u00eda Isabel Bueno Camacho no se hace responsable del contenido ni de las pol\u00edticas de privacidad de dichos sitios. 7. Legislaci\u00f3n aplicable y jurisdicci\u00f3n El presente Aviso Legal se rige por la legislaci\u00f3n espa\u00f1ola. En caso de conflicto, las partes se someter\u00e1n a los juzgados y tribunales que correspondan seg\u00fan el domicilio del usuario, salvo disposici\u00f3n legal en contrario.","og_url":"https:\/\/escuelacoachingtranspersonal.com\/web\/aviso-legal\/","og_site_name":"Escuela Coaching Transpersonal","article_publisher":"https:\/\/www.facebook.com\/escuelacoachingtranspersonal","article_modified_time":"2025-07-24T06:49:45+00:00","twitter_card":"summary_large_image","twitter_misc":{"Tiempo de lectura":"2 minutos"},"schema":{"@context":"https:\/\/schema.org","@graph":[{"@type":"WebPage","@id":"https:\/\/escuelacoachingtranspersonal.com\/web\/aviso-legal\/","url":"https:\/\/escuelacoachingtranspersonal.com\/web\/aviso-legal\/","name":"Aviso legal - Escuela Coaching Transpersonal","isPartOf":{"@id":"https:\/\/escuelacoachingtranspersonal.com\/web\/#website"},"datePublished":"2025-07-24T06:47:10+00:00","dateModified":"2025-07-24T06:49:45+00:00","breadcrumb":{"@id":"https:\/\/escuelacoachingtranspersonal.com\/web\/aviso-legal\/#breadcrumb"},"inLanguage":"es","potentialAction":[{"@type":"ReadAction","target":["https:\/\/escuelacoachingtranspersonal.com\/web\/aviso-legal\/"]}]},{"@type":"BreadcrumbList","@id":"https:\/\/escuelacoachingtranspersonal.com\/web\/aviso-legal\/#breadcrumb","itemListElement":[{"@type":"ListItem","position":1,"name":"Portada","item":"https:\/\/escuelacoachingtranspersonal.com\/web\/"},{"@type":"ListItem","position":2,"name":"Aviso legal"}]},{"@type":"WebSite","@id":"https:\/\/escuelacoachingtranspersonal.com\/web\/#website","url":"https:\/\/escuelacoachingtranspersonal.com\/web\/","name":"Escuela Coaching Transpersonal","description":"","publisher":{"@id":"https:\/\/escuelacoachingtranspersonal.com\/web\/#organization"},"potentialAction":[{"@type":"SearchAction","target":{"@type":"EntryPoint","urlTemplate":"https:\/\/escuelacoachingtranspersonal.com\/web\/?s={search_term_string}"},"query-input":{"@type":"PropertyValueSpecification","valueRequired":true,"valueName":"search_term_string"}}],"inLanguage":"es"},{"@type":"Organization","@id":"https:\/\/escuelacoachingtranspersonal.com\/web\/#organization","name":"Escuela Coaching Transpersonal - Proyecto Ser","url":"https:\/\/escuelacoachingtranspersonal.com\/web\/","logo":{"@type":"ImageObject","inLanguage":"es","@id":"https:\/\/escuelacoachingtranspersonal.com\/web\/#\/schema\/logo\/image\/","url":"https:\/\/escuelacoachingtranspersonal.com\/web\/wp-content\/uploads\/2025\/04\/logo.png","contentUrl":"https:\/\/escuelacoachingtranspersonal.com\/web\/wp-content\/uploads\/2025\/04\/logo.png","width":288,"height":288,"caption":"Escuela Coaching Transpersonal - Proyecto Ser"},"image":{"@id":"https:\/\/escuelacoachingtranspersonal.com\/web\/#\/schema\/logo\/image\/"},"sameAs":["https:\/\/www.facebook.com\/escuelacoachingtranspersonal","https:\/\/www.instagram.com\/escueladecoachingtranspersonal\/","https:\/\/www.youtube.com\/channel\/UCKIigSxQQ15aXLoXyDYoKmg"]}]}},"_links":{"self":[{"href":"https:\/\/escuelacoachingtranspersonal.com\/web\/wp-json\/wp\/v2\/pages\/1094","targetHints":{"allow":["GET"]}}],"collection":[{"href":"https:\/\/escuelacoachingtranspersonal.com\/web\/wp-json\/wp\/v2\/pages"}],"about":[{"href":"https:\/\/escuelacoachingtranspersonal.com\/web\/wp-json\/wp\/v2\/types\/page"}],"author":[{"embeddable":true,"href":"https:\/\/escuelacoachingtranspersonal.com\/web\/wp-json\/wp\/v2\/users\/1"}],"replies":[{"embeddable":true,"href":"https:\/\/escuelacoachingtranspersonal.com\/web\/wp-json\/wp\/v2\/comments?post=1094"}],"version-history":[{"count":4,"href":"https:\/\/escuelacoachingtranspersonal.com\/web\/wp-json\/wp\/v2\/pages\/1094\/revisions"}],"predecessor-version":[{"id":1099,"href":"https:\/\/escuelacoachingtranspersonal.com\/web\/wp-json\/wp\/v2\/pages\/1094\/revisions\/1099"}],"wp:attachment":[{"href":"https:\/\/escuelacoachingtranspersonal.com\/web\/wp-json\/wp\/v2\/media?parent=1094"}],"curies":[{"name":"wp","href":"https:\/\/api.w.org\/{rel}","templated":true}]}}